{"id":761,"date":"2025-12-08T17:12:30","date_gmt":"2025-12-08T17:12:30","guid":{"rendered":"https:\/\/shamanicsoundbath.com\/?page_id=761"},"modified":"2025-12-09T11:42:35","modified_gmt":"2025-12-09T11:42:35","slug":"pogoji-poslovanja","status":"publish","type":"page","link":"https:\/\/shamanicsoundbath.com\/en\/pogoji-poslovanja\/","title":{"rendered":"Terms &amp; conditions"},"content":{"rendered":"<h2 class=\"wp-block-heading\">1. Splo\u0161ne informacije<\/h2>\n\n\n\n<p>Spletno trgovino&nbsp;<strong>Shamanic Sound Bath<\/strong>&nbsp;(v nadaljevanju trgovina) upravlja:<\/p>\n\n\n\n<p><strong>Luka Le\u0161nik, s.p.<\/strong><br>Ko\u0161tabona 81, Ko\u0161tabona, 6274 \u0160marje<br>Dav\u010dna \u0161tevilka: 17823714<br>Mati\u010dna \u0161tevilka: 7391064000<br>E-naslov:\u00a0<a href=\"mailto:medicineforthepeople7@gmail.com\"><a href=\"mailto:medicineforthepeople7@gmail.com\">medicineforthepeople7@gmail.com<\/a><\/a><\/p>\n\n\n\n<p>(v nadaljevanju: ponudnik ali Shamanic Sound Bath)<\/p>\n\n\n\n<p>Splo\u0161ni pogoji poslovanja dolo\u010dajo delovanje spletne trgovine, pravice in obveznosti uporabnika ter razmerje med ponudnikom in kupcem.<\/p>\n\n\n\n<p>Z uporabo spletne strani&nbsp;<strong>shamanicsoundbath.com<\/strong>&nbsp;uporabnik potrjuje, da je seznanjen s temi pogoji, se z njimi strinja in jih v celoti sprejema.<\/p>\n\n\n\n<h2 class=\"wp-block-heading\">2. Dostopnost informacij<\/h2>\n\n\n\n<p>Ponudnik se zavezuje, da bodo kupcu vselej na voljo naslednje informacije (v skladu z ZVPot in Zakonom o elektronskem poslovanju):<\/p>\n\n\n\n<ul class=\"wp-block-list\">\n<li>podatki o podjetju (ime, sede\u017e, mati\u010dna in dav\u010dna \u0161tevilka)<\/li>\n\n\n\n<li>kontaktni podatki za hitro in u\u010dinkovito komunikacijo<\/li>\n\n\n\n<li>bistvene zna\u010dilnosti izdelkov<\/li>\n\n\n\n<li>kon\u010dna cena z vsemi davki in stro\u0161ki dostave<\/li>\n\n\n\n<li>pogoji pla\u010dila, dostave in dobave<\/li>\n\n\n\n<li>pogoji za odstop od pogodbe (vra\u010dila)<\/li>\n\n\n\n<li>postopek za prito\u017ebe in re\u0161evanje sporov<\/li>\n<\/ul>\n\n\n\n<h2 class=\"wp-block-heading\">3. Naro\u010dilo in sklenitev pogodbe<\/h2>\n\n\n\n<p>Kupec lahko naro\u010dilo odda prek spletne strani&nbsp;<strong>shamanicsoundbath.com<\/strong>.<br>Po oddaji naro\u010dila prejme kupec samodejno potrditev naro\u010dila na svoj e-naslov.<br>Pogodba o nakupu (ra\u010dun) se hrani v elektronski obliki na stre\u017eniku ponudnika in je kupcu na voljo na zahtevo.<br>Ponudnik si pridr\u017euje pravico, da naro\u010dilo zavrne v primeru utemeljenega suma zlorabe ali napa\u010dnih podatkov.<\/p>\n\n\n\n<h2 class=\"wp-block-heading\">4. Cene<\/h2>\n\n\n\n<p>Vse cene so navedene v evrih (EUR) in vklju\u010dujejo DDV, razen \u010de je izrecno navedeno druga\u010de.<br>Ponudnik ni zavezanec za DDV.<\/p>\n\n\n\n<p>Cene veljajo v trenutku oddaje naro\u010dila in se lahko brez predhodnega obvestila spremenijo.<br>V primeru akcij in popustov veljajo pogoji, navedeni ob posamezni ponudbi.<\/p>\n\n\n\n<h2 class=\"wp-block-heading\">5. Na\u010dini pla\u010dila<\/h2>\n\n\n\n<p>V spletni trgovini&nbsp;<strong>shamanicsoundbath.com<\/strong>&nbsp;je trenutno mogo\u010de pla\u010dati:<\/p>\n\n\n\n<ul class=\"wp-block-list\">\n<li>s pla\u010dilno kartico (prek varnega pla\u010dilnega sistema)<\/li>\n<\/ul>\n\n\n\n<p>Pla\u010dilo se izvede ob oddaji naro\u010dila. Ra\u010dun v elektronski obliki prejme kupec po elektronski po\u0161ti.<\/p>\n\n\n\n<h2 class=\"wp-block-heading\">6. Dostava<\/h2>\n\n\n\n<p>Izdelke dostavljamo na obmo\u010dju Republike Slovenije preko pogodbenega dostavljalca (Po\u0161ta Slovenije ali drugo dostavno podjetje).<br>Stro\u0161ek dostave je jasno naveden ob zaklju\u010dku naro\u010dila.<\/p>\n\n\n\n<p>\u010cas dostave: obi\u010dajno 2\u20135 delovnih dni po prejemu pla\u010dila.<br>V primeru zamud ali nepredvidenih okoli\u0161\u010din bo kupec pravo\u010dasno obve\u0161\u010den.<\/p>\n\n\n\n<h2 class=\"wp-block-heading\">7. Pravica do odstopa od pogodbe<\/h2>\n\n\n\n<p>Kupec ima pravico, da v 14 dneh od prejema izdelka podjetje obvesti (na&nbsp;<a href=\"mailto:medicineforthepeople7@gmail.com\">medicineforthepeople7@gmail.com<\/a>), da odstopa od pogodbe, ne da bi mu bilo treba navesti razlog.<\/p>\n\n\n\n<p>Izdelek mora kupec vrniti nepo\u0161kodovan, neuporabljen in v originalni embala\u017ei.<br>Vra\u010dilo kupnine bo izvedeno najpozneje v 14 dneh po prejemu vrnjenega izdelka.<br>Kupec krije stro\u0161ek vra\u010dila blaga.<\/p>\n\n\n\n<p>Podrobneje je postopek opisan v poglavju&nbsp;<strong>Vra\u010dila in reklamacije<\/strong>.<\/p>\n\n\n\n<h2 class=\"wp-block-heading\">8. Odgovornost<\/h2>\n\n\n\n<p>Ponudnik se trudi zagotoviti natan\u010dne in a\u017eurne informacije, vendar si pridr\u017euje pravico do napak v vsebini, cenah in zalogi.<br>Fotografije izdelkov so simboli\u010dne in ne zagotavljajo vedno popolne skladnosti z dejanskim izdelkom.<\/p>\n\n\n\n<h2 class=\"wp-block-heading\">9. Re\u0161evanje sporov<\/h2>\n\n\n\n<p>Ponudnik spo\u0161tuje veljavno zakonodajo o varstvu potro\u0161nikov.<br>V primeru te\u017eav se kupec lahko obrne na:&nbsp;<a href=\"mailto:medicineforthepeople7@gmail.com\">medicineforthepeople7@gmail.com<\/a><\/p>\n\n\n\n<p>Morebitne spore bosta stranki re\u0161evali sporazumno. \u010ce to ne bo mogo\u010de, je pristojno sodi\u0161\u010de v Ljubljani.<br>Shamanic Sound Bath ne priznava nobenega izvajalca izvensodnega re\u0161evanja potro\u0161ni\u0161kih sporov kot pristojnega za re\u0161evanje sporov, ki bi jih potro\u0161nik lahko spro\u017eil skladno z Zakonom o izvensodnem re\u0161evanju potro\u0161ni\u0161kih sporov (ZIsRPS).<\/p>\n\n\n\n<h2 class=\"wp-block-heading\">10. Kon\u010dne dolo\u010dbe<\/h2>\n\n\n\n<p>Ti splo\u0161ni pogoji veljajo od&nbsp;<strong>1. decembra 202<\/strong>5&nbsp;dalje.<br>Ponudnik si pridr\u017euje pravico do sprememb, o \u010demer bodo uporabniki obve\u0161\u010deni na spletni strani&nbsp;<strong>shamanicsoundbath.com<\/strong>.<\/p>","protected":false},"excerpt":{"rendered":"<p>1. Splo\u0161ne informacije Spletno trgovino&nbsp;Shamanic Sound Bath&nbsp;(v nadaljevanju trgovina) upravlja: Luka Le\u0161nik, s.p.Ko\u0161tabona 81, Ko\u0161tabona, 6274 \u0160marjeDav\u010dna \u0161tevilka: 17823714Mati\u010dna \u0161tevilka: 7391064000E-naslov:\u00a0medicineforthepeople7@gmail.com (v nadaljevanju: ponudnik ali Shamanic Sound Bath) Splo\u0161ni pogoji poslovanja dolo\u010dajo delovanje spletne trgovine, pravice in obveznosti uporabnika ter razmerje med ponudnikom in kupcem. Z uporabo spletne strani&nbsp;shamanicsoundbath.com&nbsp;uporabnik potrjuje, da je seznanjen s temi [&hellip;]<\/p>\n","protected":false},"author":1,"featured_media":0,"parent":0,"menu_order":0,"comment_status":"closed","ping_status":"closed","template":"","meta":{"_acf_changed":false,"footnotes":""},"categories":[],"tags":[],"class_list":["post-761","page","type-page","status-publish","hentry"],"acf":[],"yoast_head":"<!-- This site is optimized with the Yoast SEO plugin v27.3 - https:\/\/yoast.com\/product\/yoast-seo-wordpress\/ -->\n<title>Pogoji poslovanja - Shamanic Sound Bath<\/title>\n<meta name=\"robots\" content=\"index, follow, max-snippet:-1, max-image-preview:large, max-video-preview:-1\" \/>\n<link rel=\"canonical\" href=\"https:\/\/shamanicsoundbath.com\/en\/pogoji-poslovanja\/\" \/>\n<meta property=\"og:locale\" content=\"en_US\" \/>\n<meta property=\"og:type\" content=\"article\" \/>\n<meta property=\"og:title\" content=\"Pogoji poslovanja - Shamanic Sound Bath\" \/>\n<meta property=\"og:description\" content=\"1. Splo\u0161ne informacije Spletno trgovino&nbsp;Shamanic Sound Bath&nbsp;(v nadaljevanju trgovina) upravlja: Luka Le\u0161nik, s.p.Ko\u0161tabona 81, Ko\u0161tabona, 6274 \u0160marjeDav\u010dna \u0161tevilka: 17823714Mati\u010dna \u0161tevilka: 7391064000E-naslov:\u00a0medicineforthepeople7@gmail.com (v nadaljevanju: ponudnik ali Shamanic Sound Bath) Splo\u0161ni pogoji poslovanja dolo\u010dajo delovanje spletne trgovine, pravice in obveznosti uporabnika ter razmerje med ponudnikom in kupcem. Z uporabo spletne strani&nbsp;shamanicsoundbath.com&nbsp;uporabnik potrjuje, da je seznanjen s temi [&hellip;]\" \/>\n<meta property=\"og:url\" content=\"https:\/\/shamanicsoundbath.com\/en\/pogoji-poslovanja\/\" \/>\n<meta property=\"og:site_name\" content=\"Shamanic Sound Bath\" \/>\n<meta property=\"article:publisher\" content=\"https:\/\/web.facebook.com\/luka.lesnik.7\" \/>\n<meta property=\"article:modified_time\" content=\"2025-12-09T11:42:35+00:00\" \/>\n<meta property=\"og:image\" content=\"https:\/\/shamanicsoundbath.com\/wp-content\/uploads\/2024\/12\/Rectangle-21-1-e1734795572324.webp\" \/>\n\t<meta property=\"og:image:width\" content=\"992\" \/>\n\t<meta property=\"og:image:height\" content=\"996\" \/>\n\t<meta property=\"og:image:type\" content=\"image\/webp\" \/>\n<meta name=\"twitter:card\" content=\"summary_large_image\" \/>\n<meta name=\"twitter:label1\" content=\"Est. reading time\" \/>\n\t<meta name=\"twitter:data1\" content=\"3 minutes\" \/>\n<script type=\"application\/ld+json\" class=\"yoast-schema-graph\">{\"@context\":\"https:\\\/\\\/schema.org\",\"@graph\":[{\"@type\":\"WebPage\",\"@id\":\"https:\\\/\\\/shamanicsoundbath.com\\\/pogoji-poslovanja\\\/\",\"url\":\"https:\\\/\\\/shamanicsoundbath.com\\\/pogoji-poslovanja\\\/\",\"name\":\"Pogoji poslovanja - Shamanic Sound Bath\",\"isPartOf\":{\"@id\":\"https:\\\/\\\/shamanicsoundbath.com\\\/#website\"},\"datePublished\":\"2025-12-08T17:12:30+00:00\",\"dateModified\":\"2025-12-09T11:42:35+00:00\",\"breadcrumb\":{\"@id\":\"https:\\\/\\\/shamanicsoundbath.com\\\/pogoji-poslovanja\\\/#breadcrumb\"},\"inLanguage\":\"en-US\",\"potentialAction\":[{\"@type\":\"ReadAction\",\"target\":[\"https:\\\/\\\/shamanicsoundbath.com\\\/pogoji-poslovanja\\\/\"]}]},{\"@type\":\"BreadcrumbList\",\"@id\":\"https:\\\/\\\/shamanicsoundbath.com\\\/pogoji-poslovanja\\\/#breadcrumb\",\"itemListElement\":[{\"@type\":\"ListItem\",\"position\":1,\"name\":\"Home\",\"item\":\"https:\\\/\\\/shamanicsoundbath.com\\\/\"},{\"@type\":\"ListItem\",\"position\":2,\"name\":\"Pogoji poslovanja\"}]},{\"@type\":\"WebSite\",\"@id\":\"https:\\\/\\\/shamanicsoundbath.com\\\/#website\",\"url\":\"https:\\\/\\\/shamanicsoundbath.com\\\/\",\"name\":\"Shamanic Sound Bath\",\"description\":\"Odkrivanje samega sebe, s pomo\u010djo \\u2028medicine na\u0161ih prednikov\",\"publisher\":{\"@id\":\"https:\\\/\\\/shamanicsoundbath.com\\\/#organization\"},\"potentialAction\":[{\"@type\":\"SearchAction\",\"target\":{\"@type\":\"EntryPoint\",\"urlTemplate\":\"https:\\\/\\\/shamanicsoundbath.com\\\/?s={search_term_string}\"},\"query-input\":{\"@type\":\"PropertyValueSpecification\",\"valueRequired\":true,\"valueName\":\"search_term_string\"}}],\"inLanguage\":\"en-US\"},{\"@type\":\"Organization\",\"@id\":\"https:\\\/\\\/shamanicsoundbath.com\\\/#organization\",\"name\":\"Shamanic Sound Bath\",\"url\":\"https:\\\/\\\/shamanicsoundbath.com\\\/\",\"logo\":{\"@type\":\"ImageObject\",\"inLanguage\":\"en-US\",\"@id\":\"https:\\\/\\\/shamanicsoundbath.com\\\/#\\\/schema\\\/logo\\\/image\\\/\",\"url\":\"https:\\\/\\\/shamanicsoundbath.com\\\/wp-content\\\/uploads\\\/2024\\\/12\\\/Rectangle-21-1-e1734795572324.webp\",\"contentUrl\":\"https:\\\/\\\/shamanicsoundbath.com\\\/wp-content\\\/uploads\\\/2024\\\/12\\\/Rectangle-21-1-e1734795572324.webp\",\"width\":992,\"height\":996,\"caption\":\"Shamanic Sound Bath\"},\"image\":{\"@id\":\"https:\\\/\\\/shamanicsoundbath.com\\\/#\\\/schema\\\/logo\\\/image\\\/\"},\"sameAs\":[\"https:\\\/\\\/web.facebook.com\\\/luka.lesnik.7\",\"https:\\\/\\\/www.instagram.com\\\/luka.lesnik.7\\\/\"]}]}<\/script>\n<!-- \/ Yoast SEO plugin. -->","yoast_head_json":{"title":"Pogoji poslovanja - Shamanic Sound Bath","robots":{"index":"index","follow":"follow","max-snippet":"max-snippet:-1","max-image-preview":"max-image-preview:large","max-video-preview":"max-video-preview:-1"},"canonical":"https:\/\/shamanicsoundbath.com\/en\/pogoji-poslovanja\/","og_locale":"en_US","og_type":"article","og_title":"Pogoji poslovanja - Shamanic Sound Bath","og_description":"1. Splo\u0161ne informacije Spletno trgovino&nbsp;Shamanic Sound Bath&nbsp;(v nadaljevanju trgovina) upravlja: Luka Le\u0161nik, s.p.Ko\u0161tabona 81, Ko\u0161tabona, 6274 \u0160marjeDav\u010dna \u0161tevilka: 17823714Mati\u010dna \u0161tevilka: 7391064000E-naslov:\u00a0medicineforthepeople7@gmail.com (v nadaljevanju: ponudnik ali Shamanic Sound Bath) Splo\u0161ni pogoji poslovanja dolo\u010dajo delovanje spletne trgovine, pravice in obveznosti uporabnika ter razmerje med ponudnikom in kupcem. Z uporabo spletne strani&nbsp;shamanicsoundbath.com&nbsp;uporabnik potrjuje, da je seznanjen s temi [&hellip;]","og_url":"https:\/\/shamanicsoundbath.com\/en\/pogoji-poslovanja\/","og_site_name":"Shamanic Sound Bath","article_publisher":"https:\/\/web.facebook.com\/luka.lesnik.7","article_modified_time":"2025-12-09T11:42:35+00:00","og_image":[{"width":992,"height":996,"url":"https:\/\/shamanicsoundbath.com\/wp-content\/uploads\/2024\/12\/Rectangle-21-1-e1734795572324.webp","type":"image\/webp"}],"twitter_card":"summary_large_image","twitter_misc":{"Est. reading time":"3 minutes"},"schema":{"@context":"https:\/\/schema.org","@graph":[{"@type":"WebPage","@id":"https:\/\/shamanicsoundbath.com\/pogoji-poslovanja\/","url":"https:\/\/shamanicsoundbath.com\/pogoji-poslovanja\/","name":"Pogoji poslovanja - Shamanic Sound Bath","isPartOf":{"@id":"https:\/\/shamanicsoundbath.com\/#website"},"datePublished":"2025-12-08T17:12:30+00:00","dateModified":"2025-12-09T11:42:35+00:00","breadcrumb":{"@id":"https:\/\/shamanicsoundbath.com\/pogoji-poslovanja\/#breadcrumb"},"inLanguage":"en-US","potentialAction":[{"@type":"ReadAction","target":["https:\/\/shamanicsoundbath.com\/pogoji-poslovanja\/"]}]},{"@type":"BreadcrumbList","@id":"https:\/\/shamanicsoundbath.com\/pogoji-poslovanja\/#breadcrumb","itemListElement":[{"@type":"ListItem","position":1,"name":"Home","item":"https:\/\/shamanicsoundbath.com\/"},{"@type":"ListItem","position":2,"name":"Pogoji poslovanja"}]},{"@type":"WebSite","@id":"https:\/\/shamanicsoundbath.com\/#website","url":"https:\/\/shamanicsoundbath.com\/","name":"Shamanic Sound Bath","description":"Odkrivanje samega sebe, s pomo\u010djo \u2028medicine na\u0161ih prednikov","publisher":{"@id":"https:\/\/shamanicsoundbath.com\/#organization"},"potentialAction":[{"@type":"SearchAction","target":{"@type":"EntryPoint","urlTemplate":"https:\/\/shamanicsoundbath.com\/?s={search_term_string}"},"query-input":{"@type":"PropertyValueSpecification","valueRequired":true,"valueName":"search_term_string"}}],"inLanguage":"en-US"},{"@type":"Organization","@id":"https:\/\/shamanicsoundbath.com\/#organization","name":"Shamanic Sound Bath","url":"https:\/\/shamanicsoundbath.com\/","logo":{"@type":"ImageObject","inLanguage":"en-US","@id":"https:\/\/shamanicsoundbath.com\/#\/schema\/logo\/image\/","url":"https:\/\/shamanicsoundbath.com\/wp-content\/uploads\/2024\/12\/Rectangle-21-1-e1734795572324.webp","contentUrl":"https:\/\/shamanicsoundbath.com\/wp-content\/uploads\/2024\/12\/Rectangle-21-1-e1734795572324.webp","width":992,"height":996,"caption":"Shamanic Sound Bath"},"image":{"@id":"https:\/\/shamanicsoundbath.com\/#\/schema\/logo\/image\/"},"sameAs":["https:\/\/web.facebook.com\/luka.lesnik.7","https:\/\/www.instagram.com\/luka.lesnik.7\/"]}]}},"_links":{"self":[{"href":"https:\/\/shamanicsoundbath.com\/en\/wp-json\/wp\/v2\/pages\/761","targetHints":{"allow":["GET"]}}],"collection":[{"href":"https:\/\/shamanicsoundbath.com\/en\/wp-json\/wp\/v2\/pages"}],"about":[{"href":"https:\/\/shamanicsoundbath.com\/en\/wp-json\/wp\/v2\/types\/page"}],"author":[{"embeddable":true,"href":"https:\/\/shamanicsoundbath.com\/en\/wp-json\/wp\/v2\/users\/1"}],"replies":[{"embeddable":true,"href":"https:\/\/shamanicsoundbath.com\/en\/wp-json\/wp\/v2\/comments?post=761"}],"version-history":[{"count":2,"href":"https:\/\/shamanicsoundbath.com\/en\/wp-json\/wp\/v2\/pages\/761\/revisions"}],"predecessor-version":[{"id":792,"href":"https:\/\/shamanicsoundbath.com\/en\/wp-json\/wp\/v2\/pages\/761\/revisions\/792"}],"wp:attachment":[{"href":"https:\/\/shamanicsoundbath.com\/en\/wp-json\/wp\/v2\/media?parent=761"}],"wp:term":[{"taxonomy":"category","embeddable":true,"href":"https:\/\/shamanicsoundbath.com\/en\/wp-json\/wp\/v2\/categories?post=761"},{"taxonomy":"post_tag","embeddable":true,"href":"https:\/\/shamanicsoundbath.com\/en\/wp-json\/wp\/v2\/tags?post=761"}],"curies":[{"name":"wp","href":"https:\/\/api.w.org\/{rel}","templated":true}]}}